{"id":930,"date":"2023-07-27T09:25:27","date_gmt":"2023-07-27T09:25:27","guid":{"rendered":"https:\/\/atxuri.es\/?page_id=930"},"modified":"2023-09-18T10:35:26","modified_gmt":"2023-09-18T10:35:26","slug":"atxuri-sobre-nosotros","status":"publish","type":"page","link":"https:\/\/atxuri.es\/en\/atxuri-sobre-nosotros\/","title":{"rendered":"ABOUT US"},"content":{"rendered":"<p>[et_pb_section fb_built=\u00bb1&#8243; admin_label=\u00bbHeader\u00bb _builder_version=\u00bb4.21.0&#8243; _module_preset=\u00bbdefault\u00bb background_enable_color=\u00bboff\u00bb use_background_color_gradient=\u00bbon\u00bb background_color_gradient_stops=\u00bbrgba(58,37,25,0.85) 55%|#ffffff 55%\u00bb background_color_gradient_overlays_image=\u00bbon\u00bb background_image=\u00bbhttps:\/\/atxuri.es\/wp-content\/uploads\/2023\/07\/c4f90c1f-e5e9-4ca3-8cd8-f720b7380d0a.jpg\u00bb background_position=\u00bbbottom_center\u00bb custom_margin=\u00bb||-1px||false|false\u00bb custom_padding=\u00bb||0px|||\u00bb collapsed=\u00bbon\u00bb global_colors_info=\u00bb{}\u00bb][et_pb_row column_structure=\u00bb1_2,1_2&#8243; _builder_version=\u00bb4.19.2&#8243; _module_preset=\u00bbdefault\u00bb global_colors_info=\u00bb{}\u00bb][et_pb_column type=\u00bb1_2&#8243; _builder_version=\u00bb4.19.2&#8243; _module_preset=\u00bbdefault\u00bb global_colors_info=\u00bb{}\u00bb][et_pb_text _builder_version=\u00bb4.19.2&#8243; _module_preset=\u00bbde65f5fb-f5a5-415e-b83a-45bb304f1855&#8243; header_text_color=\u00bb#FFFFFF\u00bb custom_margin=\u00bb||10px||false|false\u00bb inline_fonts=\u00bbvasca\u00bb global_colors_info=\u00bb{}\u00bb]<\/p>\n<h1><span style=\"font-family: vasca;\">OUR HISTORY<\/span><\/h1>\n<p>[\/et_pb_text][et_pb_text _builder_version=\u00bb4.19.2&#8243; _module_preset=\u00bb01397662-4253-4aa2-9dc0-851cdcb95c9c\u00bb text_text_color=\u00bbgcid-fa957022-7f68-4c63-9382-2437a00591d9&#8243; global_colors_info=\u00bb{%22gcid-fa957022-7f68-4c63-9382-2437a00591d9%22:%91%22text_text_color%22%93}\u00bb]<\/p>\n<p>A RESTAURANT WITH A LOT OF HISTORY<\/p>\n<p>[\/et_pb_text][et_pb_button button_url=\u00bbhttps:\/\/www.covermanager.com\/reservation\/module_restaurant\/resstaurante-atxuri-restaurante\/spanish\u00bb button_text=\u00bbRESERVAR\u00bb _builder_version=\u00bb4.21.0&#8243; _module_preset=\u00bb8359cea6-caa2-43f5-ae31-e1b0b1bcf747&#8243; button_bg_color=\u00bbgcid-5b291cc9-df1d-4b6e-9bdc-386dacc5279f\u00bb global_colors_info=\u00bb{%22gcid-5b291cc9-df1d-4b6e-9bdc-386dacc5279f%22:%91%22button_bg_color%22%93}\u00bb][\/et_pb_button][\/et_pb_column][et_pb_column type=\u00bb1_2&#8243; _builder_version=\u00bb4.19.2&#8243; _module_preset=\u00bbdefault\u00bb global_colors_info=\u00bb{}\u00bb][\/et_pb_column][\/et_pb_row][et_pb_row column_structure=\u00bb1_3,2_3&#8243; _builder_version=\u00bb4.19.2&#8243; _module_preset=\u00bbdefault\u00bb custom_padding=\u00bb||0px|||\u00bb global_colors_info=\u00bb{}\u00bb][et_pb_column type=\u00bb1_3&#8243; _builder_version=\u00bb4.19.2&#8243; _module_preset=\u00bbdefault\u00bb z_index=\u00bb10&#8243; global_colors_info=\u00bb{}\u00bb][et_pb_image src=\u00bbhttps:\/\/atxuri.es\/wp-content\/uploads\/2023\/08\/IMG_0516.jpg\u00bb title_text=\u00bbIMG_0516&#8243; _builder_version=\u00bb4.21.0&#8243; _module_preset=\u00bbdefault\u00bb custom_margin=\u00bb|-8vw|||false|false\u00bb custom_margin_tablet=\u00bb|0vw|||false|false\u00bb custom_margin_phone=\u00bb|0vw|||false|false\u00bb custom_margin_last_edited=\u00bbon|tablet\u00bb global_colors_info=\u00bb{}\u00bb][\/et_pb_image][\/et_pb_column][et_pb_column type=\u00bb2_3&#8243; _builder_version=\u00bb4.19.2&#8243; _module_preset=\u00bbdefault\u00bb background_color=\u00bbgcid-fa957022-7f68-4c63-9382-2437a00591d9&#8243; vertical_offset=\u00bb-90px\u00bb vertical_offset_tablet=\u00bb0px\u00bb vertical_offset_phone=\u00bb0px\u00bb vertical_offset_last_edited=\u00bbon|desktop\u00bb custom_padding=\u00bb60px|60px|30px|8vw|false|false\u00bb custom_padding_tablet=\u00bb30px|30px|30px|30px|true|true\u00bb custom_padding_phone=\u00bb20px|20px|20px|20px|true|true\u00bb custom_padding_last_edited=\u00bbon|desktop\u00bb global_colors_info=\u00bb{%22gcid-fa957022-7f68-4c63-9382-2437a00591d9%22:%91%22background_color%22%93}\u00bb][et_pb_icon font_icon=\u00bb&#xf10d;||fa||900&#8243; icon_color=\u00bb#000000&#8243; icon_width=\u00bb40px\u00bb align=\u00bbleft\u00bb _builder_version=\u00bb4.19.2&#8243; _module_preset=\u00bbdefault\u00bb global_colors_info=\u00bb{}\u00bb][\/et_pb_icon][et_pb_slider show_arrows=\u00bboff\u00bb arrows_custom_color=\u00bb#000000&#8243; dot_nav_custom_color=\u00bb#000000&#8243; _builder_version=\u00bb4.21.0&#8243; _module_preset=\u00bbdefault\u00bb header_font=\u00bbInter||||||||\u00bb header_text_color=\u00bb#000000&#8243; header_font_size=\u00bb24px\u00bb header_line_height=\u00bb1.8em\u00bb body_font=\u00bbInter||||||||\u00bb body_text_color=\u00bb#000000&#8243; body_line_height=\u00bb1.8em\u00bb background_color=\u00bbRGBA(255,255,255,0)\u00bb custom_button=\u00bbon\u00bb button_text_size=\u00bb14px\u00bb button_text_color=\u00bb#000000&#8243; button_bg_color=\u00bb#bb9c6d\u00bb button_border_width=\u00bb0px\u00bb button_border_radius=\u00bb0px\u00bb button_letter_spacing=\u00bb0.2em\u00bb button_font=\u00bbInter|600||on|||||\u00bb button_custom_padding=\u00bb16px|24px|16px|24px|true|true\u00bb text_orientation=\u00bbleft\u00bb custom_margin=\u00bb|-30px||-30px|false|true\u00bb custom_margin_tablet=\u00bb|-30px||-30px|false|true\u00bb custom_margin_phone=\u00bb|-20px||-20px|false|true\u00bb custom_margin_last_edited=\u00bbon|tablet\u00bb custom_padding=\u00bb0px|0px||0px|false|true\u00bb auto=\u00bbon\u00bb header_font_size_tablet=\u00bb16px\u00bb header_font_size_phone=\u00bb15px\u00bb header_font_size_last_edited=\u00bbon|tablet\u00bb text_shadow_style=\u00bbpreset1&#8243; text_shadow_color=\u00bbRGBA(255,255,255,0)\u00bb global_colors_info=\u00bb{%22gcid-5b291cc9-df1d-4b6e-9bdc-386dacc5279f%22:%91%22button_bg_color%22%93}\u00bb][et_pb_slide heading=\u00bbEl futuro de Atxuri se sustenta en los valores familiares desde sus propios principios. La tercera generaci\u00f3n se encuentra al frente del negocio con Julen Monasterio, como responsable y encargado de transmitir ese cuidado y cari\u00f1o hacia la materia prima y los clientes que visitan el restaurante.\u00bb _builder_version=\u00bb4.21.0&#8243; _module_preset=\u00bbdefault\u00bb global_colors_info=\u00bb{}\u00bb sticky_transition=\u00bbon\u00bb][\/et_pb_slide][\/et_pb_slider][\/et_pb_column][\/et_pb_row][\/et_pb_section][et_pb_section fb_built=\u00bb1&#8243; admin_label=\u00bbAbout\u00bb _builder_version=\u00bb4.19.2&#8243; _module_preset=\u00bbdefault\u00bb collapsed=\u00bbon\u00bb global_colors_info=\u00bb{}\u00bb][et_pb_row make_equal=\u00bbon\u00bb _builder_version=\u00bb4.21.0&#8243; _module_preset=\u00bbdefault\u00bb global_colors_info=\u00bb{}\u00bb][et_pb_column type=\u00bb4_4&#8243; _builder_version=\u00bb4.19.2&#8243; _module_preset=\u00bbdefault\u00bb global_colors_info=\u00bb{}\u00bb][et_pb_text _builder_version=\u00bb4.19.2&#8243; _module_preset=\u00bbb491978c-6a74-4359-9d90-6d31de14a9ec\u00bb global_colors_info=\u00bb{}\u00bb]<\/p>\n<h2>ABOUT US<\/h2>\n<p>[\/et_pb_text][et_pb_image src=\u00bbhttps:\/\/atxuri.es\/wp-content\/uploads\/2023\/09\/1.png\u00bb title_text=\u00bb1&#8243; _builder_version=\u00bb4.21.0&#8243; _module_preset=\u00bbdefault\u00bb global_colors_info=\u00bb{}\u00bb][\/et_pb_image][et_pb_text _builder_version=\u00bb4.21.0&#8243; _module_preset=\u00bb01397662-4253-4aa2-9dc0-851cdcb95c9c\u00bb global_colors_info=\u00bb{}\u00bb]<\/p>\n<p>The Atxuri restaurant, which was originally called Pontevedra-Atxuri, was founded in Plocia Street by Antonio Anasagasti Orbe, a Basque from Mundaka, and Juan Frende, a Galician.<\/p>\n<p>In 1951 Jon Monasterio Anasagasti arrived from the Txomane farmhouse in Bermeo, and with sacrifice, effort and dedication, he knew how to deal with and overcome the vicissitudes that he encountered over time. His gastronomic knowledge was similar to that of the kitchens of those Basque farmhouses of the time and the products that were used: cod, beans, hake...<\/p>\n<p>In 1979 Jon bought the business as his own property. He became an icon of C\u00e1diz cuisine, respected and loved by customers and neighbours of C\u00e1diz, until he retired in 2008. Fortunately, the tradition has been continued by his family with the same values that he instilled in them of love and respect for the raw ingredients and the people who visit them.<\/p>\n<p>On 21 February 2008, the Atxuri Restaurant moved to its current location, number 7, Calle Plocia. It is now run by Mari\u00e1n Monasterio, Jon's daughter, and his son Julen, as manager.<\/p>\n<p>[\/et_pb_text][\/et_pb_column][\/et_pb_row][\/et_pb_section][et_pb_section fb_built=\u00bb1&#8243; _builder_version=\u00bb4.21.0&#8243; _module_preset=\u00bbdefault\u00bb global_colors_info=\u00bb{}\u00bb][et_pb_row column_structure=\u00bb1_2,1_2&#8243; _builder_version=\u00bb4.21.0&#8243; _module_preset=\u00bbdefault\u00bb global_colors_info=\u00bb{}\u00bb][et_pb_column type=\u00bb1_2&#8243; _builder_version=\u00bb4.21.0&#8243; _module_preset=\u00bbdefault\u00bb global_colors_info=\u00bb{}\u00bb][et_pb_image src=\u00bbhttps:\/\/atxuri.es\/wp-content\/uploads\/2023\/09\/Sin-titulo-2818-\u00d7-1790-px.png\u00bb title_text=\u00bbSin t\u00edtulo (2818 \u00d7 1790 px)\u00bb _builder_version=\u00bb4.21.0&#8243; _module_preset=\u00bbdefault\u00bb global_colors_info=\u00bb{}\u00bb][\/et_pb_image][\/et_pb_column][et_pb_column type=\u00bb1_2&#8243; _builder_version=\u00bb4.21.0&#8243; _module_preset=\u00bbdefault\u00bb global_colors_info=\u00bb{}\u00bb][et_pb_image src=\u00bbhttps:\/\/atxuri.es\/wp-content\/uploads\/2023\/09\/IMG_4397.png\u00bb title_text=\u00bbIMG_4397&#8243; _builder_version=\u00bb4.21.0&#8243; _module_preset=\u00bbdefault\u00bb global_colors_info=\u00bb{}\u00bb][\/et_pb_image][\/et_pb_column][\/et_pb_row][\/et_pb_section][et_pb_section fb_built=\u00bb1&#8243; admin_label=\u00bbFull Width Image\u00bb _builder_version=\u00bb4.19.2&#8243; _module_preset=\u00bbdefault\u00bb custom_padding=\u00bb0px||0px||true|false\u00bb collapsed=\u00bbon\u00bb global_colors_info=\u00bb{}\u00bb][\/et_pb_section][et_pb_section fb_built=\u00bb1&#8243; admin_label=\u00bbFooter\u00bb _builder_version=\u00bb4.21.0&#8243; _module_preset=\u00bbdefault\u00bb background_color=\u00bbgcid-fa957022-7f68-4c63-9382-2437a00591d9&#8243; background_pattern_repeat_origin=\u00bbbottom_left\u00bb background_pattern_repeat=\u00bbrepeat-x\u00bb custom_padding=\u00bb0px||0px||true|false\u00bb saved_tabs=\u00bball\u00bb locked=\u00bboff\u00bb collapsed=\u00bbon\u00bb global_colors_info=\u00bb{%22gcid-fa957022-7f68-4c63-9382-2437a00591d9%22:%91%22background_color%22%93}\u00bb][et_pb_row column_structure=\u00bb1_3,1_3,1_3&#8243; custom_padding_last_edited=\u00bbon|tablet\u00bb _builder_version=\u00bb4.21.0&#8243; _module_preset=\u00bbdefault\u00bb background_color=\u00bbgcid-68c6b9ad-55a2-4756-9f20-a801af585cf6&#8243; custom_padding=\u00bb60px|60px|60px|60px|true|true\u00bb custom_padding_tablet=\u00bb30px|30px|30px|30px|true|true\u00bb custom_padding_phone=\u00bb20px|20px|20px|20px|true|true\u00bb global_colors_info=\u00bb{%22gcid-68c6b9ad-55a2-4756-9f20-a801af585cf6%22:%91%22background_color%22%93}\u00bb][et_pb_column type=\u00bb1_3&#8243; _builder_version=\u00bb4.19.2&#8243; _module_preset=\u00bbdefault\u00bb global_colors_info=\u00bb{}\u00bb][et_pb_image src=\u00bbhttps:\/\/atxuri.es\/wp-content\/uploads\/2021\/11\/cropped-logo-atxuri-3.png\u00bb title_text=\u00bbcropped-logo-atxuri-3.png\u00bb _builder_version=\u00bb4.21.0&#8243; _module_preset=\u00bbdefault\u00bb global_colors_info=\u00bb{}\u00bb][\/et_pb_image][\/et_pb_column][et_pb_column type=\u00bb1_3&#8243; _builder_version=\u00bb4.19.2&#8243; _module_preset=\u00bbdefault\u00bb global_colors_info=\u00bb{}\u00bb][et_pb_text _builder_version=\u00bb4.21.0&#8243; _module_preset=\u00bb5d41d4a4-41d6-49a6-a915-1a09afdb056a\u00bb header_4_text_color=\u00bbgcid-5b291cc9-df1d-4b6e-9bdc-386dacc5279f\u00bb custom_margin=\u00bb||0px||false|false\u00bb global_colors_info=\u00bb{%22gcid-5b291cc9-df1d-4b6e-9bdc-386dacc5279f%22:%91%22header_4_text_color%22%93}\u00bb]<\/p>\n<h4>OUR MENU<\/h4>\n<p>[\/et_pb_text][et_pb_text _builder_version=\u00bb4.22.1&#8243; _module_preset=\u00bbc64c86b1-2086-473c-8764-8586a9fcc890&#8243; text_text_color=\u00bbgcid-fa957022-7f68-4c63-9382-2437a00591d9&#8243; custom_margin=\u00bb||10px||false|false\u00bb custom_padding=\u00bb||1px|||\u00bb hover_enabled=\u00bb0&#8243; global_colors_info=\u00bb{%22gcid-fa957022-7f68-4c63-9382-2437a00591d9%22:%91%22text_text_color%22%93}\u00bb sticky_enabled=\u00bb0&#8243;]<\/p>\n<blockquote>\n<p><span style=\"color: #ffffff;\"><a href=\"https:\/\/atxuri.es\/en\/atxuri-inicio\/\" style=\"color: #ffffff;\">HOME<\/a><\/span><br \/><span style=\"color: #ffffff;\"><a href=\"https:\/\/atxuri.es\/en\/new-carta\/\" style=\"color: #ffffff;\">MEN\u00da<\/a><\/span><br \/><span style=\"color: #ffffff;\"><a href=\"https:\/\/atxuri.es\/en\/atxuri-sobre-nosotros\/\" style=\"color: #ffffff;\">ABOUT US<\/a><\/span><br \/><span style=\"color: #ffffff;\"><a href=\"https:\/\/www.covermanager.com\/reservation\/module_restaurant\/resstaurante-atxuri-restaurante\/spanish\" style=\"color: #ffffff;\">BOOKING<\/a><\/span><\/p>\n<p><a href=\"https:\/\/atxuri.es\/en\/quieres-trabajar-en-atxuri\/\"><span style=\"color: #ffffff;\">WORKING WITH US<\/span><\/a><\/p>\n<\/blockquote>\n<p>[\/et_pb_text][et_pb_text _builder_version=\u00bb4.21.0&#8243; _module_preset=\u00bb5d41d4a4-41d6-49a6-a915-1a09afdb056a\u00bb header_4_text_color=\u00bbgcid-5b291cc9-df1d-4b6e-9bdc-386dacc5279f\u00bb custom_margin=\u00bb40px||0px||false|false\u00bb locked=\u00bboff\u00bb global_colors_info=\u00bb{%22gcid-5b291cc9-df1d-4b6e-9bdc-386dacc5279f%22:%91%22header_4_text_color%22%93}\u00bb]<\/p>\n<h4>Address<\/h4>\n<p>[\/et_pb_text][et_pb_text _builder_version=\u00bb4.21.0&#8243; _module_preset=\u00bbc64c86b1-2086-473c-8764-8586a9fcc890&#8243; text_text_color=\u00bbgcid-fa957022-7f68-4c63-9382-2437a00591d9&#8243; custom_margin=\u00bb||10px||false|false\u00bb locked=\u00bboff\u00bb global_colors_info=\u00bb{%22gcid-fa957022-7f68-4c63-9382-2437a00591d9%22:%91%22text_text_color%22%93}\u00bb]<\/p>\n<p><span>C. Plocia, 7, 11005 C\u00e1diz<\/span><\/p>\n<p>[\/et_pb_text][\/et_pb_column][et_pb_column type=\u00bb1_3&#8243; _builder_version=\u00bb4.19.2&#8243; _module_preset=\u00bbdefault\u00bb global_colors_info=\u00bb{}\u00bb][et_pb_text _builder_version=\u00bb4.21.0&#8243; _module_preset=\u00bb5d41d4a4-41d6-49a6-a915-1a09afdb056a\u00bb header_4_text_color=\u00bbgcid-5b291cc9-df1d-4b6e-9bdc-386dacc5279f\u00bb custom_margin=\u00bb||0px||false|false\u00bb locked=\u00bboff\u00bb global_colors_info=\u00bb{%22gcid-5b291cc9-df1d-4b6e-9bdc-386dacc5279f%22:%91%22header_4_text_color%22%93}\u00bb]<\/p>\n<h4>PHONE<\/h4>\n<p>[\/et_pb_text][et_pb_text _builder_version=\u00bb4.21.0&#8243; _module_preset=\u00bbc64c86b1-2086-473c-8764-8586a9fcc890&#8243; text_text_color=\u00bbgcid-fa957022-7f68-4c63-9382-2437a00591d9&#8243; custom_margin=\u00bb||10px||false|false\u00bb locked=\u00bboff\u00bb global_colors_info=\u00bb{%22gcid-fa957022-7f68-4c63-9382-2437a00591d9%22:%91%22text_text_color%22%93}\u00bb]<\/p>\n<p><span><span class=\"LrzXr zdqRlf kno-fv\"><span aria-label=\"Llamar al n\u00famero de tel\u00e9fono 956 25 36 13\">956 25 36 13<\/span><\/span><\/span><\/p>\n<p>[\/et_pb_text][et_pb_button button_url=\u00bbtel:956%2025%2036%2013&#8243; button_text=\u00bbContactar\u00bb _builder_version=\u00bb4.21.0&#8243; _module_preset=\u00bb315b1e2e-3628-44ce-b670-d16630874989&#8243; button_bg_color=\u00bbgcid-5b291cc9-df1d-4b6e-9bdc-386dacc5279f\u00bb custom_margin=\u00bb40px||||false|false\u00bb global_colors_info=\u00bb{%22gcid-5b291cc9-df1d-4b6e-9bdc-386dacc5279f%22:%91%22button_bg_color%22%93}\u00bb][\/et_pb_button][\/et_pb_column][\/et_pb_row][et_pb_row _builder_version=\u00bb4.19.2&#8243; _module_preset=\u00bbdefault\u00bb global_colors_info=\u00bb{}\u00bb][et_pb_column type=\u00bb4_4&#8243; _builder_version=\u00bb4.19.2&#8243; _module_preset=\u00bbdefault\u00bb global_colors_info=\u00bb{}\u00bb][et_pb_social_media_follow icon_color=\u00bbgcid-5b291cc9-df1d-4b6e-9bdc-386dacc5279f\u00bb use_icon_font_size=\u00bbon\u00bb _builder_version=\u00bb4.21.0&#8243; _module_preset=\u00bbdefault\u00bb text_orientation=\u00bbcenter\u00bb border_radii=\u00bbon|100px|100px|100px|100px\u00bb global_colors_info=\u00bb{%22gcid-5b291cc9-df1d-4b6e-9bdc-386dacc5279f%22:%91%22icon_color%22%93}\u00bb][et_pb_social_media_follow_network social_network=\u00bbfacebook\u00bb url=\u00bbhttps:\/\/www.facebook.com\/atxuri.cadiz\/?locale=es_ES\u00bb _builder_version=\u00bb4.21.0&#8243; _module_preset=\u00bbdefault\u00bb background_color=\u00bbgcid-68c6b9ad-55a2-4756-9f20-a801af585cf6&#8243; background_enable_color=\u00bbon\u00bb custom_padding=\u00bb4px|4px|4px|4px|true|true\u00bb global_colors_info=\u00bb{%22gcid-68c6b9ad-55a2-4756-9f20-a801af585cf6%22:%91%22background_color%22%93}\u00bb follow_button=\u00bboff\u00bb url_new_window=\u00bbon\u00bb]facebook[\/et_pb_social_media_follow_network][et_pb_social_media_follow_network social_network=\u00bbinstagram\u00bb url=\u00bbhttps:\/\/www.instagram.com\/atxuri.cadiz\/\u00bb _builder_version=\u00bb4.21.0&#8243; _module_preset=\u00bbdefault\u00bb background_color=\u00bbgcid-68c6b9ad-55a2-4756-9f20-a801af585cf6&#8243; background_enable_color=\u00bbon\u00bb custom_padding=\u00bb4px|4px|4px|4px|true|true\u00bb global_colors_info=\u00bb{%22gcid-68c6b9ad-55a2-4756-9f20-a801af585cf6%22:%91%22background_color%22,%22background_color%22%93}\u00bb follow_button=\u00bboff\u00bb url_new_window=\u00bbon\u00bb]instagram[\/et_pb_social_media_follow_network][et_pb_social_media_follow_network social_network=\u00bbgoogle\u00bb url=\u00bbhttps:\/\/www.google.com\/maps?sca_esv=562487504&#038;rlz=1C1YTUH_esES1062ES1062&#038;output=search&#038;q=atxuri+restaurante&#038;source=lnms&#038;entry=mc&#038;sa=X&#038;ved=2ahUKEwjtkveHzJCBAxWOXaQEHV8bA4IQ0pQJegQICxAB\u00bb _builder_version=\u00bb4.21.0&#8243; _module_preset=\u00bbdefault\u00bb background_color=\u00bb#3a2519&#8243; background_enable_color=\u00bbon\u00bb custom_padding=\u00bb4px|4px|4px|4px|true|true\u00bb global_colors_info=\u00bb{}\u00bb follow_button=\u00bboff\u00bb url_new_window=\u00bbon\u00bb]google[\/et_pb_social_media_follow_network][\/et_pb_social_media_follow][\/et_pb_column][\/et_pb_row][\/et_pb_section]<\/p>","protected":false},"excerpt":{"rendered":"<p>NUESTRA HISTORIAUN RESTAURANTE CON MUCHA HISTORIASOBRE NOSOTROSEl restaurante Atxuri, que se llam\u00f3 en un principio Pontevedra-Atxuri, se fund\u00f3 en la calle Plocia por parte de Antonio Anasagasti Orbe, vasco de Mundaka y Juan Frende,\u00a0 gallego. En 1951 lleg\u00f3 Jon Monasterio Anasagasti, procedente del caser\u00edo bermeano de Txomane, con sacrifico, esfuerzo y dedicaci\u00f3n, supo lidiar y [&hellip;]<\/p>","protected":false},"author":1,"featured_media":0,"parent":0,"menu_order":0,"comment_status":"closed","ping_status":"closed","template":"","meta":{"_et_pb_use_builder":"on","_et_pb_old_content":"","_et_gb_content_width":"","footnotes":""},"class_list":["post-930","page","type-page","status-publish","hentry"],"yoast_head":"<!-- This site is optimized with the Yoast SEO plugin v25.0 - https:\/\/yoast.com\/wordpress\/plugins\/seo\/ -->\n<title>SOBRE NOSOTROS - Restaurante Atxuri C\u00e1diz<\/title>\n<meta name=\"robots\" content=\"index, follow, max-snippet:-1, max-image-preview:large, max-video-preview:-1\" \/>\n<link rel=\"canonical\" href=\"https:\/\/atxuri.es\/en\/atxuri-sobre-nosotros\/\" \/>\n<meta property=\"og:locale\" content=\"en_GB\" \/>\n<meta property=\"og:type\" content=\"article\" \/>\n<meta property=\"og:title\" content=\"SOBRE NOSOTROS - Restaurante Atxuri C\u00e1diz\" \/>\n<meta property=\"og:description\" content=\"NUESTRA HISTORIAUN RESTAURANTE CON MUCHA HISTORIASOBRE NOSOTROSEl restaurante Atxuri, que se llam\u00f3 en un principio Pontevedra-Atxuri, se fund\u00f3 en la calle Plocia por parte de Antonio Anasagasti Orbe, vasco de Mundaka y Juan Frende,\u00a0 gallego. En 1951 lleg\u00f3 Jon Monasterio Anasagasti, procedente del caser\u00edo bermeano de Txomane, con sacrifico, esfuerzo y dedicaci\u00f3n, supo lidiar y [&hellip;]\" \/>\n<meta property=\"og:url\" content=\"https:\/\/atxuri.es\/en\/atxuri-sobre-nosotros\/\" \/>\n<meta property=\"og:site_name\" content=\"Restaurante Atxuri C\u00e1diz\" \/>\n<meta property=\"article:modified_time\" content=\"2023-09-18T10:35:26+00:00\" \/>\n<meta name=\"twitter:card\" content=\"summary_large_image\" \/>\n<meta name=\"twitter:label1\" content=\"Estimated reading time\" \/>\n\t<meta name=\"twitter:data1\" content=\"11 minutes\" \/>\n<script type=\"application\/ld+json\" class=\"yoast-schema-graph\">{\"@context\":\"https:\/\/schema.org\",\"@graph\":[{\"@type\":\"WebPage\",\"@id\":\"https:\/\/atxuri.es\/atxuri-sobre-nosotros\/\",\"url\":\"https:\/\/atxuri.es\/atxuri-sobre-nosotros\/\",\"name\":\"SOBRE NOSOTROS - Restaurante Atxuri C\u00e1diz\",\"isPartOf\":{\"@id\":\"https:\/\/atxuri.es\/#website\"},\"datePublished\":\"2023-07-27T09:25:27+00:00\",\"dateModified\":\"2023-09-18T10:35:26+00:00\",\"breadcrumb\":{\"@id\":\"https:\/\/atxuri.es\/atxuri-sobre-nosotros\/#breadcrumb\"},\"inLanguage\":\"en-GB\",\"potentialAction\":[{\"@type\":\"ReadAction\",\"target\":[\"https:\/\/atxuri.es\/atxuri-sobre-nosotros\/\"]}]},{\"@type\":\"BreadcrumbList\",\"@id\":\"https:\/\/atxuri.es\/atxuri-sobre-nosotros\/#breadcrumb\",\"itemListElement\":[{\"@type\":\"ListItem\",\"position\":1,\"name\":\"Portada\",\"item\":\"https:\/\/atxuri.es\/\"},{\"@type\":\"ListItem\",\"position\":2,\"name\":\"SOBRE NOSOTROS\"}]},{\"@type\":\"WebSite\",\"@id\":\"https:\/\/atxuri.es\/#website\",\"url\":\"https:\/\/atxuri.es\/\",\"name\":\"Restaurante Atxuri C\u00e1diz\",\"description\":\"Restaurante Atxuri Cocina Vasca-Andaluza\",\"publisher\":{\"@id\":\"https:\/\/atxuri.es\/#organization\"},\"potentialAction\":[{\"@type\":\"SearchAction\",\"target\":{\"@type\":\"EntryPoint\",\"urlTemplate\":\"https:\/\/atxuri.es\/?s={search_term_string}\"},\"query-input\":{\"@type\":\"PropertyValueSpecification\",\"valueRequired\":true,\"valueName\":\"search_term_string\"}}],\"inLanguage\":\"en-GB\"},{\"@type\":\"Organization\",\"@id\":\"https:\/\/atxuri.es\/#organization\",\"name\":\"Restaurante Atxuri C\u00e1diz\",\"url\":\"https:\/\/atxuri.es\/\",\"logo\":{\"@type\":\"ImageObject\",\"inLanguage\":\"en-GB\",\"@id\":\"https:\/\/atxuri.es\/#\/schema\/logo\/image\/\",\"url\":\"https:\/\/atxuri.es\/wp-content\/uploads\/2023\/09\/Diseno-sin-titulo-23.png\",\"contentUrl\":\"https:\/\/atxuri.es\/wp-content\/uploads\/2023\/09\/Diseno-sin-titulo-23.png\",\"width\":512,\"height\":512,\"caption\":\"Restaurante Atxuri C\u00e1diz\"},\"image\":{\"@id\":\"https:\/\/atxuri.es\/#\/schema\/logo\/image\/\"}}]}<\/script>\n<!-- \/ Yoast SEO plugin. -->","yoast_head_json":{"title":"SOBRE NOSOTROS - Restaurante Atxuri C\u00e1diz","robots":{"index":"index","follow":"follow","max-snippet":"max-snippet:-1","max-image-preview":"max-image-preview:large","max-video-preview":"max-video-preview:-1"},"canonical":"https:\/\/atxuri.es\/en\/atxuri-sobre-nosotros\/","og_locale":"en_GB","og_type":"article","og_title":"SOBRE NOSOTROS - Restaurante Atxuri C\u00e1diz","og_description":"NUESTRA HISTORIAUN RESTAURANTE CON MUCHA HISTORIASOBRE NOSOTROSEl restaurante Atxuri, que se llam\u00f3 en un principio Pontevedra-Atxuri, se fund\u00f3 en la calle Plocia por parte de Antonio Anasagasti Orbe, vasco de Mundaka y Juan Frende,\u00a0 gallego. En 1951 lleg\u00f3 Jon Monasterio Anasagasti, procedente del caser\u00edo bermeano de Txomane, con sacrifico, esfuerzo y dedicaci\u00f3n, supo lidiar y [&hellip;]","og_url":"https:\/\/atxuri.es\/en\/atxuri-sobre-nosotros\/","og_site_name":"Restaurante Atxuri C\u00e1diz","article_modified_time":"2023-09-18T10:35:26+00:00","twitter_card":"summary_large_image","twitter_misc":{"Estimated reading time":"11 minutes"},"schema":{"@context":"https:\/\/schema.org","@graph":[{"@type":"WebPage","@id":"https:\/\/atxuri.es\/atxuri-sobre-nosotros\/","url":"https:\/\/atxuri.es\/atxuri-sobre-nosotros\/","name":"SOBRE NOSOTROS - Restaurante Atxuri C\u00e1diz","isPartOf":{"@id":"https:\/\/atxuri.es\/#website"},"datePublished":"2023-07-27T09:25:27+00:00","dateModified":"2023-09-18T10:35:26+00:00","breadcrumb":{"@id":"https:\/\/atxuri.es\/atxuri-sobre-nosotros\/#breadcrumb"},"inLanguage":"en-GB","potentialAction":[{"@type":"ReadAction","target":["https:\/\/atxuri.es\/atxuri-sobre-nosotros\/"]}]},{"@type":"BreadcrumbList","@id":"https:\/\/atxuri.es\/atxuri-sobre-nosotros\/#breadcrumb","itemListElement":[{"@type":"ListItem","position":1,"name":"Portada","item":"https:\/\/atxuri.es\/"},{"@type":"ListItem","position":2,"name":"SOBRE NOSOTROS"}]},{"@type":"WebSite","@id":"https:\/\/atxuri.es\/#website","url":"https:\/\/atxuri.es\/","name":"Restaurante Atxuri C\u00e1diz","description":"Restaurante Atxuri Cocina Vasca-Andaluza","publisher":{"@id":"https:\/\/atxuri.es\/#organization"},"potentialAction":[{"@type":"SearchAction","target":{"@type":"EntryPoint","urlTemplate":"https:\/\/atxuri.es\/?s={search_term_string}"},"query-input":{"@type":"PropertyValueSpecification","valueRequired":true,"valueName":"search_term_string"}}],"inLanguage":"en-GB"},{"@type":"Organization","@id":"https:\/\/atxuri.es\/#organization","name":"Restaurante Atxuri C\u00e1diz","url":"https:\/\/atxuri.es\/","logo":{"@type":"ImageObject","inLanguage":"en-GB","@id":"https:\/\/atxuri.es\/#\/schema\/logo\/image\/","url":"https:\/\/atxuri.es\/wp-content\/uploads\/2023\/09\/Diseno-sin-titulo-23.png","contentUrl":"https:\/\/atxuri.es\/wp-content\/uploads\/2023\/09\/Diseno-sin-titulo-23.png","width":512,"height":512,"caption":"Restaurante Atxuri C\u00e1diz"},"image":{"@id":"https:\/\/atxuri.es\/#\/schema\/logo\/image\/"}}]}},"_links":{"self":[{"href":"https:\/\/atxuri.es\/en\/wp-json\/wp\/v2\/pages\/930","targetHints":{"allow":["GET"]}}],"collection":[{"href":"https:\/\/atxuri.es\/en\/wp-json\/wp\/v2\/pages"}],"about":[{"href":"https:\/\/atxuri.es\/en\/wp-json\/wp\/v2\/types\/page"}],"author":[{"embeddable":true,"href":"https:\/\/atxuri.es\/en\/wp-json\/wp\/v2\/users\/1"}],"replies":[{"embeddable":true,"href":"https:\/\/atxuri.es\/en\/wp-json\/wp\/v2\/comments?post=930"}],"version-history":[{"count":25,"href":"https:\/\/atxuri.es\/en\/wp-json\/wp\/v2\/pages\/930\/revisions"}],"predecessor-version":[{"id":1182,"href":"https:\/\/atxuri.es\/en\/wp-json\/wp\/v2\/pages\/930\/revisions\/1182"}],"wp:attachment":[{"href":"https:\/\/atxuri.es\/en\/wp-json\/wp\/v2\/media?parent=930"}],"curies":[{"name":"wp","href":"https:\/\/api.w.org\/{rel}","templated":true}]}}